{"id":96,"date":"2017-05-11T17:03:12","date_gmt":"2017-05-11T15:03:12","guid":{"rendered":"http:\/\/www.faust-design.de\/produkte\/?page_id=96"},"modified":"2018-03-23T10:12:22","modified_gmt":"2018-03-23T09:12:22","slug":"kfz-lkw-beschriftung-autofolierung","status":"publish","type":"page","link":"http:\/\/www.faust-design.de\/produkte\/kfz-lkw-beschriftung-autofolierung\/","title":{"rendered":"KFZ- &#038; LKW-Beschriftung, Autofolierung"},"content":{"rendered":"<p><img loading=\"lazy\" class=\"size-medium wp-image-458 alignleft\" src=\"http:\/\/www.faust-design.de\/produkte\/wp-content\/uploads\/2017\/05\/Auto-W\u00fcrz-4-300x224.jpg\" alt=\"\" width=\"300\" height=\"224\" srcset=\"http:\/\/www.faust-design.de\/produkte\/wp-content\/uploads\/2017\/05\/Auto-W\u00fcrz-4-300x224.jpg 300w, http:\/\/www.faust-design.de\/produkte\/wp-content\/uploads\/2017\/05\/Auto-W\u00fcrz-4-768x574.jpg 768w, http:\/\/www.faust-design.de\/produkte\/wp-content\/uploads\/2017\/05\/Auto-W\u00fcrz-4-1024x765.jpg 1024w, http:\/\/www.faust-design.de\/produkte\/wp-content\/uploads\/2017\/05\/Auto-W\u00fcrz-4-24x18.jpg 24w, http:\/\/www.faust-design.de\/produkte\/wp-content\/uploads\/2017\/05\/Auto-W\u00fcrz-4-36x27.jpg 36w, http:\/\/www.faust-design.de\/produkte\/wp-content\/uploads\/2017\/05\/Auto-W\u00fcrz-4-48x36.jpg 48w, http:\/\/www.faust-design.de\/produkte\/wp-content\/uploads\/2017\/05\/Auto-W\u00fcrz-4.jpg 1296w\" sizes=\"(max-width: 300px) 100vw, 300px\" \/>\u00a0Auch in der <strong>Kfz-<\/strong> und <strong>Lkw-Beschriftung<\/strong> sowie Autofolierung sind wir erfolgreich f\u00fcr unsere Kunden t\u00e4tig. Die Kfz- und Lkw-Beschriftung sowie auch die Autofolierung stellen effektive und dabei g\u00fcnstige M\u00f6glichkeiten dar, f\u00fcr das eigenen Unternehmen wirksame Werbung zu betreiben. Dabei kann die Kfz- und Lkw-Beschriftung und speziell die Autofolierung auch dazu genutzt werden, dass Autos als Werbetr\u00e4ger angemietet werden und Werbung f\u00fcr das eigene Unternehmen betreiben. Das bedeutet eine gro\u00dfe Streuweite, die die eigene Werbung erreicht. Die Besonderheit bei der Autofolierung liegt darin, dass sie sehr witterungs- und UV-best\u00e4ndig und damit sehr langlebig ist.<\/p>\n<p>Gleichzeitig wird durch die <strong>Autofolierung<\/strong> der Lack des Fahrzeugs aber in keiner Weise besch\u00e4digt oder in der Qualit\u00e4t beeintr\u00e4chtigt. Das bedeutet, dass die Autofolierung auch einfach wieder entfernt werden kann. So k\u00f6nnen auch Leasing-Fahrzeuge mit der Autofolierung ausgestattet werden und nach der entsprechenden Leasingzeit kann die Folierung des Fahrzeugs einfach wieder entfernt werden. Bei der Fahrzeuggestaltung mit unseren Techniken ist es m\u00f6glich, sowohl Schriftz\u00fcge wie auch Grafiken auf ein Fahrzeug aufzubringen und hier in der Gestaltung frei zu sein. Mit einer gro\u00dfen Bandbreite an Farben und Schriftz\u00fcgen kann eine sehr individuelle Werbung geschaffen werden. Werbung auf Fahrzeugen ist ein Blickfang und dabei hat die Werbung durch Drucke und Folierungen auf dem Fahrzeug den Vorteil, dass sie sehr mobil ist und damit weit getragen wird. F\u00fcr Unternehmen bietet die Beschriftung und Folierung von Fahrzeugen einen hohen Werbefaktor, der nur die einmalige Investition in die Drucke verlangt, danach v\u00f6llig ohne weitere Kosten verl\u00e4uft.<\/p>\n<p><img loading=\"lazy\" class=\" wp-image-459 alignright\" src=\"http:\/\/www.faust-design.de\/produkte\/wp-content\/uploads\/2017\/05\/IMG_2567-300x225.jpg\" alt=\"\" width=\"300\" height=\"225\" srcset=\"http:\/\/www.faust-design.de\/produkte\/wp-content\/uploads\/2017\/05\/IMG_2567-300x225.jpg 300w, http:\/\/www.faust-design.de\/produkte\/wp-content\/uploads\/2017\/05\/IMG_2567-768x576.jpg 768w, http:\/\/www.faust-design.de\/produkte\/wp-content\/uploads\/2017\/05\/IMG_2567-1024x768.jpg 1024w, http:\/\/www.faust-design.de\/produkte\/wp-content\/uploads\/2017\/05\/IMG_2567-24x18.jpg 24w, http:\/\/www.faust-design.de\/produkte\/wp-content\/uploads\/2017\/05\/IMG_2567-36x27.jpg 36w, http:\/\/www.faust-design.de\/produkte\/wp-content\/uploads\/2017\/05\/IMG_2567-48x36.jpg 48w\" sizes=\"(max-width: 300px) 100vw, 300px\" \/>Beschriftungen und Folierungen von Fahrzeugen sind damit f\u00fcr Unternehmen gleich welcher Gr\u00f6\u00dfe eine sehr wirksame M\u00f6glichkeit, das eigene Unternehmen bekannt zu machen und einen nachhaltigen Eindruck zu schaffen. Mit vielen Drucktechniken und Gestaltungsm\u00f6glichkeiten ist eine Werbung umsetzbar, die auf den Bedarf eines Unternehmens perfekt angepasst werden kann. Moderne Unternehmen setzen auf die Fahrzeugwerbung durch Beschriftungen und Folierungen und nutzen damit das eigene Firmenfahrzeug als perfekten Werbetr\u00e4ger. Kaum ein Unternehmen l\u00e4sst sich heute noch die M\u00f6glichkeit entgehen, auf den eigenen Fahrzeugen die Werbung f\u00fcr das Unternehmen umzusetzen.<\/p>\n","protected":false},"excerpt":{"rendered":"<p>\u00a0Auch in der Kfz- und Lkw-Beschriftung sowie Autofolierung sind wir erfolgreich f\u00fcr unsere Kunden t\u00e4tig. Die Kfz- und Lkw-Beschriftung sowie auch die Autofolierung stellen effektive und dabei g\u00fcnstige M\u00f6glichkeiten dar, f\u00fcr das eigenen Unternehmen wirksame Werbung zu betreiben. Dabei kann die Kfz- und Lkw-Beschriftung und speziell die Autofolierung auch dazu genutzt werden, dass Autos als [&hellip;]<\/p>\n","protected":false},"author":1,"featured_media":0,"parent":0,"menu_order":0,"comment_status":"closed","ping_status":"closed","template":"templates\/no-sidebar.php","meta":[],"_links":{"self":[{"href":"http:\/\/www.faust-design.de\/produkte\/wp-json\/wp\/v2\/pages\/96"}],"collection":[{"href":"http:\/\/www.faust-design.de\/produkte\/wp-json\/wp\/v2\/pages"}],"about":[{"href":"http:\/\/www.faust-design.de\/produkte\/wp-json\/wp\/v2\/types\/page"}],"author":[{"embeddable":true,"href":"http:\/\/www.faust-design.de\/produkte\/wp-json\/wp\/v2\/users\/1"}],"replies":[{"embeddable":true,"href":"http:\/\/www.faust-design.de\/produkte\/wp-json\/wp\/v2\/comments?post=96"}],"version-history":[{"count":6,"href":"http:\/\/www.faust-design.de\/produkte\/wp-json\/wp\/v2\/pages\/96\/revisions"}],"predecessor-version":[{"id":461,"href":"http:\/\/www.faust-design.de\/produkte\/wp-json\/wp\/v2\/pages\/96\/revisions\/461"}],"wp:attachment":[{"href":"http:\/\/www.faust-design.de\/produkte\/wp-json\/wp\/v2\/media?parent=96"}],"curies":[{"name":"wp","href":"https:\/\/api.w.org\/{rel}","templated":true}]}}