{"id":101,"date":"2017-05-11T17:04:29","date_gmt":"2017-05-11T15:04:29","guid":{"rendered":"http:\/\/www.faust-design.de\/produkte\/?page_id=101"},"modified":"2018-03-23T10:04:38","modified_gmt":"2018-03-23T09:04:38","slug":"flyer-broschueren-visitenkarten-briefbogen-stempel","status":"publish","type":"page","link":"https:\/\/www.faust-design.de\/produkte\/flyer-broschueren-visitenkarten-briefbogen-stempel\/","title":{"rendered":"Flyer, Brosch\u00fcren, Visitenkarten, Briefbogen, Stempel"},"content":{"rendered":"<p><img loading=\"lazy\" class=\"size-medium wp-image-455 alignleft\" src=\"http:\/\/www.faust-design.de\/produkte\/wp-content\/uploads\/2017\/05\/DSCF6446-300x225.jpg\" alt=\"\" width=\"300\" height=\"225\" srcset=\"https:\/\/www.faust-design.de\/produkte\/wp-content\/uploads\/2017\/05\/DSCF6446-300x225.jpg 300w, https:\/\/www.faust-design.de\/produkte\/wp-content\/uploads\/2017\/05\/DSCF6446-768x576.jpg 768w, https:\/\/www.faust-design.de\/produkte\/wp-content\/uploads\/2017\/05\/DSCF6446-1024x768.jpg 1024w, https:\/\/www.faust-design.de\/produkte\/wp-content\/uploads\/2017\/05\/DSCF6446-24x18.jpg 24w, https:\/\/www.faust-design.de\/produkte\/wp-content\/uploads\/2017\/05\/DSCF6446-36x27.jpg 36w, https:\/\/www.faust-design.de\/produkte\/wp-content\/uploads\/2017\/05\/DSCF6446-48x36.jpg 48w\" sizes=\"(max-width: 300px) 100vw, 300px\" \/>Sowohl <strong>Flyer<\/strong> als auch <strong>Brosch\u00fcren<\/strong> und <strong>Visitenkarten<\/strong> wie auch der Briefbogen und der Stempel sind im Unternehmen unerl\u00e4ssliche Artikel. Dabei sind es gerade Brosch\u00fcren und Flyer, die eine wirksame und gleichzetig leicht umsetzbare Werbema\u00dfnahme. Die M\u00f6glichkeiten, Flyer und Brosch\u00fcren zu gestalten, sind sehr vielf\u00e4ltig. Dabei bieten diese beiden Werbemedien die M\u00f6glichkeit, viele potentielle Kunden zu erreichen und dabei in der Umsetzung der Werbema\u00dfnahme sehr g\u00fcnstig zu sein.<\/p>\n<p><strong>Visitenkarten<\/strong> geh\u00f6ren in einem gut funktionierenden Unternehmen zur Basisausstattung und jeder Mitarbeiter, der Kundenkontakte pflegt, sollte mit Visitenkarten ausgestattet sein. Die Visisitenkarte ist gerade f\u00fcr Au\u00dfendienstmitarbeiter ein unerl\u00e4ssliches Arbeitsmittel, das nicht nur die Seriosit\u00e4t und Professionalit\u00e4t des eigenen Unternehmens verst\u00e4rkt. Dar\u00fcber hinaus hilft die Visitenkarte auch dabei, dass sich sowohl das Unternehmen wie auch der Name des Mitarbeiters bei Kunden einpr\u00e4gen. Visitenkarten k\u00f6nnen verschiedene Drucktechniken beeinhalten, es k\u00f6nnen Grafiken und verschiedene Schriftarten eingebunden werden und auf Wunsch kann die Visitenkarte auch mit einem erhabenen Druck ausgetattet besonders hochwertig wirken.<\/p>\n<p>Der <strong>Briefbogen<\/strong> ist f\u00fcr ein Unternehmen der Visitenkarte gleichzusetzen. Nur mit einem individuellen Briefbogen wirken Briefe an Kunden, Handelspartner oder auch Lieferanten wirklich professionell. Dabei kann mit dem eigenen briefbogen auch eine werbewirksame Ma\u00dfnahme umgesetzt werden, denn das eigene Firmenlogo, das in den Briefbogen integriert ist, hat einen Wiedererkennungswert und deshalb ist der Briefbogen ein wichtiges Instrument in jedem Unternehmen. Der firmeneigene Briefbogen ist zudem f\u00fcr einige rechtlich bindende Schriftst\u00fccke eine wichtige Voraussetzung und damit ist der Briefbogen ein wichtiger Bestandteil in jedem Unternehmen.<\/p>\n<p><strong>Stempel<\/strong> geh\u00f6ren auch in Zeiten des Computers zu wichtigen Hilfsmitteln, die in Unternehmen zum Einsatz kommen. Ob es um Posteing\u00e4nge sind, die mit Daten markiert werden oder ob der firmeneigene Stempel ein Dokument als Absenderkennzeichnung erg\u00e4nzt &#8211; der Stempel geh\u00f6rt immer noch zu einem schon lange bestehenden, aber dennoch sehr wichtigen Bestandteil in allen B\u00fcros. Wir bieten Stempel in allen Varianten, in vielf\u00e4ltigen Schriftarten und f\u00fcr jeden Bedarf individuell gefertigt an.<\/p>\n","protected":false},"excerpt":{"rendered":"<p>Sowohl Flyer als auch Brosch\u00fcren und Visitenkarten wie auch der Briefbogen und der Stempel sind im Unternehmen unerl\u00e4ssliche Artikel. Dabei sind es gerade Brosch\u00fcren und Flyer, die eine wirksame und gleichzetig leicht umsetzbare Werbema\u00dfnahme. Die M\u00f6glichkeiten, Flyer und Brosch\u00fcren zu gestalten, sind sehr vielf\u00e4ltig. Dabei bieten diese beiden Werbemedien die M\u00f6glichkeit, viele potentielle Kunden zu [&hellip;]<\/p>\n","protected":false},"author":1,"featured_media":0,"parent":0,"menu_order":0,"comment_status":"closed","ping_status":"closed","template":"templates\/no-sidebar.php","meta":[],"_links":{"self":[{"href":"https:\/\/www.faust-design.de\/produkte\/wp-json\/wp\/v2\/pages\/101"}],"collection":[{"href":"https:\/\/www.faust-design.de\/produkte\/wp-json\/wp\/v2\/pages"}],"about":[{"href":"https:\/\/www.faust-design.de\/produkte\/wp-json\/wp\/v2\/types\/page"}],"author":[{"embeddable":true,"href":"https:\/\/www.faust-design.de\/produkte\/wp-json\/wp\/v2\/users\/1"}],"replies":[{"embeddable":true,"href":"https:\/\/www.faust-design.de\/produkte\/wp-json\/wp\/v2\/comments?post=101"}],"version-history":[{"count":6,"href":"https:\/\/www.faust-design.de\/produkte\/wp-json\/wp\/v2\/pages\/101\/revisions"}],"predecessor-version":[{"id":457,"href":"https:\/\/www.faust-design.de\/produkte\/wp-json\/wp\/v2\/pages\/101\/revisions\/457"}],"wp:attachment":[{"href":"https:\/\/www.faust-design.de\/produkte\/wp-json\/wp\/v2\/media?parent=101"}],"curies":[{"name":"wp","href":"https:\/\/api.w.org\/{rel}","templated":true}]}}