{"id":116,"date":"2017-05-11T17:34:55","date_gmt":"2017-05-11T15:34:55","guid":{"rendered":"http:\/\/www.faust-design.de\/produkte\/?page_id=116"},"modified":"2017-08-22T09:04:47","modified_gmt":"2017-08-22T07:04:47","slug":"dekorfolien-scheiben-schaufenster-gravuren-specials","status":"publish","type":"page","link":"https:\/\/www.faust-design.de\/produkte\/dekorfolien-scheiben-schaufenster-gravuren-specials\/","title":{"rendered":"Dekorfolien, Scheiben, Schaufenster, Gravuren &#038; Specials"},"content":{"rendered":"<p>Werbung an einem Ladengesch\u00e4ft kann auf vielf\u00e4ltige Weise verlaufen. Dabei sind Dekorfolien eine sehr interessante wie auch leicht umsetzbare L\u00f6sung, um einem Schaufenster beispielsweise einen individuellen Charakter zu verleihen. Die Besonderheit von <strong>Dekorfolien<\/strong> besteht darin, dass sie leicht anzubringen sind und im Bedarfsfall von einer Scheibe auch leicht zu entfernen sind, ohne dass Sch\u00e4den, Kratzer oder Spuren der Dekorfolien erhalten bleiben. Sowohl Scheiben als auch Schaufenster k\u00f6nnen mit Dekorfolien, aber auch mit <strong>Gravuren<\/strong> und anderen Specials ausgestattet werden. Das bedeutet, dass diese Werbema\u00dfnahme in Form der Dekoroflien und Gravuren sowie Specials auf Scheiben und Schaufenstern eine Werbema\u00dfnahme mit hohem Effekt liefern k\u00f6nnen. Gleichzeitig fallen f\u00fcr diese WErbema\u00dfnahmen keine weiteren Kosten als die an, die f\u00fcr die Erstellung der Werbema\u00dfnahme entstehen. Dazu k\u00f6nnen diese WErbema\u00dfnahmen aber auch ganz nebenher zus\u00e4tzich zum Werbeeffekt einen Sichtschutz liefern. <\/p>\n<p><strong>Schaufenster<\/strong> an Ladengesch\u00e4ften sind eine Werbefl\u00e4che, die es zu nutzen lohnt. Sie dienen als Blickfang und damit k\u00f6nnen die Werbema\u00dfnahmen auf Schaufenstern und Scheiben auch sehr wirksam genutzt werden. Die Besonderheit der Dekorfolien und anderen Ma\u00dfnahmen an Schaufenstern und Scheiben liegt darin, dass besonders die Dekorfolie auch f\u00fcr k\u00fcrzerfristige Aktionen genutzt werden kann. Das hei\u00dft, dass eine Sale-Ma\u00dfnahme beworben werden kann und danach die Dekorfolie problemlos wieder entfernt werden kann. Eine weitere Besonderheit der Dekorfolien liegt darin, dass die Werbung auf dem Schaufenster und den Scheiben sehr schnell und unkompliziert ausgetauscht werden kann. <\/p>\n<p>Durch Dekorfolien, Gravuren und Specials lassen sich auf Schaufenstern und Scheiben schnell werbewirksame Ma\u00dfnahmen umsetzen, die das Ladengesch\u00e4ft in den Vordergrund r\u00fccken und die hohe Aufmerksamkeit erzielen. Sowohl mit Grafiken wie auch mit unterschiedlichen Schriften l\u00e4sst sich bei diesen Werbema\u00dfnahmen ein individueller Charakter erzielen. Die Gestaltungsm\u00f6glichkeiten dieser Werbema\u00dfnahme sind sehr vielf\u00e4ltig. So k\u00f6nnen einzelne Schriftz\u00fcge gew\u00e4hlt werden oder es k\u00f6nnen durch diese Werbema\u00dfnahmen auch interessante Effekte auf einem Schaufenster oder einer Scheibe erzielt werden, die sogar einen 3D-Effekt beinhalten und damit auf potentielle Kunden besonders interessant wirken. <\/p>\n","protected":false},"excerpt":{"rendered":"<p>Werbung an einem Ladengesch\u00e4ft kann auf vielf\u00e4ltige Weise verlaufen. Dabei sind Dekorfolien eine sehr interessante wie auch leicht umsetzbare L\u00f6sung, um einem Schaufenster beispielsweise einen individuellen Charakter zu verleihen. Die Besonderheit von Dekorfolien besteht darin, dass sie leicht anzubringen sind und im Bedarfsfall von einer Scheibe auch leicht zu entfernen sind, ohne dass Sch\u00e4den, Kratzer [&hellip;]<\/p>\n","protected":false},"author":1,"featured_media":0,"parent":0,"menu_order":0,"comment_status":"closed","ping_status":"closed","template":"templates\/no-sidebar.php","meta":[],"_links":{"self":[{"href":"https:\/\/www.faust-design.de\/produkte\/wp-json\/wp\/v2\/pages\/116"}],"collection":[{"href":"https:\/\/www.faust-design.de\/produkte\/wp-json\/wp\/v2\/pages"}],"about":[{"href":"https:\/\/www.faust-design.de\/produkte\/wp-json\/wp\/v2\/types\/page"}],"author":[{"embeddable":true,"href":"https:\/\/www.faust-design.de\/produkte\/wp-json\/wp\/v2\/users\/1"}],"replies":[{"embeddable":true,"href":"https:\/\/www.faust-design.de\/produkte\/wp-json\/wp\/v2\/comments?post=116"}],"version-history":[{"count":5,"href":"https:\/\/www.faust-design.de\/produkte\/wp-json\/wp\/v2\/pages\/116\/revisions"}],"predecessor-version":[{"id":439,"href":"https:\/\/www.faust-design.de\/produkte\/wp-json\/wp\/v2\/pages\/116\/revisions\/439"}],"wp:attachment":[{"href":"https:\/\/www.faust-design.de\/produkte\/wp-json\/wp\/v2\/media?parent=116"}],"curies":[{"name":"wp","href":"https:\/\/api.w.org\/{rel}","templated":true}]}}