{"id":120,"date":"2017-05-11T17:36:01","date_gmt":"2017-05-11T15:36:01","guid":{"rendered":"http:\/\/www.faust-design.de\/produkte\/?page_id=120"},"modified":"2018-03-23T10:00:36","modified_gmt":"2018-03-23T09:00:36","slug":"cd-dvd-druck-plastikkarten-ausweiskarten","status":"publish","type":"page","link":"https:\/\/www.faust-design.de\/produkte\/cd-dvd-druck-plastikkarten-ausweiskarten\/","title":{"rendered":"CD &#038; DVD Druck, Plastikkarten &#038; Ausweiskarten"},"content":{"rendered":"<p><strong><img loading=\"lazy\" class=\" wp-image-451 alignleft\" src=\"http:\/\/www.faust-design.de\/produkte\/wp-content\/uploads\/2017\/05\/CDs-300x224.jpg\" alt=\"\" width=\"300\" height=\"224\" srcset=\"https:\/\/www.faust-design.de\/produkte\/wp-content\/uploads\/2017\/05\/CDs-300x224.jpg 300w, https:\/\/www.faust-design.de\/produkte\/wp-content\/uploads\/2017\/05\/CDs-24x18.jpg 24w, https:\/\/www.faust-design.de\/produkte\/wp-content\/uploads\/2017\/05\/CDs-36x27.jpg 36w, https:\/\/www.faust-design.de\/produkte\/wp-content\/uploads\/2017\/05\/CDs-48x36.jpg 48w, https:\/\/www.faust-design.de\/produkte\/wp-content\/uploads\/2017\/05\/CDs.jpg 640w\" sizes=\"(max-width: 300px) 100vw, 300px\" \/>CDs und DVDs<\/strong> k\u00f6nnen in kleinerer oder gr\u00f6\u00dferer Zahl selbst gefertigt werden und auch als Werbemittel k\u00f6nnen CDs und DVDs zum Einsatz kommen. Besonders wirksam und gut sowie auch professionell wirken CDs und DVDs aber nur, wenn sie auch mit einem hochwertigen und professionellen Aufdruck ausgestattet sind. Die CDs und DVDs k\u00f6nnen sowohl farbig wie auch in Schwarz-Wei\u00df-Technik, aber auch ausschlie\u00dflich mit Schriften ausgestattet werden. Wir bieten die M\u00f6glichkeit, Ihre CDs und DVDs zu gestalten und ihnen einen individuellen Charakte rzu verleihen.<\/p>\n<p>Dazu bieten wir auch die M\u00f6glichkeit, <strong>Plastikkarten<\/strong> und Ausweiskarten fertigen zu lassen. Plastikkarten haben heute eine gro\u00dfe Bedeutung gewonnen und neben den offiziellen Karten, die f\u00fcr Konten oder als Kreditkarten zur Verf\u00fcgung stehen, gibt es inzwischen auch zahlreiche andere Plastikkarten, die zum Einsatz kommen. So k\u00f6nnen Unternehmen f\u00fcr die eigenen Mitarbeiter zugangskarten fertigen lassen, aber es besteht auch die M\u00f6glichkeit, dass Unternehmen spezielle Kundenkarten fertigen lassen, um diese an die eigenen Kunden herauszugeben, damit diese wiederum sich als Kunden ausweisen k\u00f6nnen. Das kann in Fitnessstudios, aber auch in Vereinen oder sonstigen Unternehmungen der Fall sein. Plastikkarten sind g\u00fcnstig in der Fertiggung, variantenreich zu gestalten und zudem haben Plastikkarten auch den Vorteil, dass sie sehr langlebig sind und damit eine Anschaffung f\u00fcr einen langen Zeitraum darstellen. Dazu k\u00f6nnen Plastikkarten auch mit entsprechenden Codestreifen versehen nicht nur eine optische Ausweisung m\u00f6glich machen, sondern dar\u00fcber hinaus auch einen praktischen Charakter aufweisen.<\/p>\n<p>Auch <strong>Ausweiskarten<\/strong> aus Kunststoff gewinnen steigende Bedeutung. Anders als Ausweise aus Papier oder Karton sind Ausweiskarten aus Kunststoff deutlich belastbarer, langlebiger und damit automatisch auch umweltfreundlicher. Ausweiskarten k\u00f6nnen f\u00fcr Vereinsmitglieder gefertigt werden aber auc als Ausweis f\u00fcr Mitarbeiter k\u00f6nnen die Ausweiskarten genutzt werden. Die Besonderheit der Ausweiskarten liegt darin, dass sie auch mit einem Magnetstreifen versehen werden k\u00f6nnen und Inhabern der Karten damit individuelle Zugangsm\u00f6glichkeiten zu bestimmten Bereichen gew\u00e4hren k\u00f6nnen. Ausweiskarten sind sehr beliebt geworden, weil sie sehr belastbar und langlebig sind und damit auch \u00fcber einen l\u00e4ngeren Zeitraum ihre perfekte Lesbarkeit erhalten.<\/p>\n","protected":false},"excerpt":{"rendered":"<p>CDs und DVDs k\u00f6nnen in kleinerer oder gr\u00f6\u00dferer Zahl selbst gefertigt werden und auch als Werbemittel k\u00f6nnen CDs und DVDs zum Einsatz kommen. Besonders wirksam und gut sowie auch professionell wirken CDs und DVDs aber nur, wenn sie auch mit einem hochwertigen und professionellen Aufdruck ausgestattet sind. Die CDs und DVDs k\u00f6nnen sowohl farbig wie [&hellip;]<\/p>\n","protected":false},"author":1,"featured_media":0,"parent":0,"menu_order":0,"comment_status":"closed","ping_status":"closed","template":"templates\/no-sidebar.php","meta":[],"_links":{"self":[{"href":"https:\/\/www.faust-design.de\/produkte\/wp-json\/wp\/v2\/pages\/120"}],"collection":[{"href":"https:\/\/www.faust-design.de\/produkte\/wp-json\/wp\/v2\/pages"}],"about":[{"href":"https:\/\/www.faust-design.de\/produkte\/wp-json\/wp\/v2\/types\/page"}],"author":[{"embeddable":true,"href":"https:\/\/www.faust-design.de\/produkte\/wp-json\/wp\/v2\/users\/1"}],"replies":[{"embeddable":true,"href":"https:\/\/www.faust-design.de\/produkte\/wp-json\/wp\/v2\/comments?post=120"}],"version-history":[{"count":6,"href":"https:\/\/www.faust-design.de\/produkte\/wp-json\/wp\/v2\/pages\/120\/revisions"}],"predecessor-version":[{"id":452,"href":"https:\/\/www.faust-design.de\/produkte\/wp-json\/wp\/v2\/pages\/120\/revisions\/452"}],"wp:attachment":[{"href":"https:\/\/www.faust-design.de\/produkte\/wp-json\/wp\/v2\/media?parent=120"}],"curies":[{"name":"wp","href":"https:\/\/api.w.org\/{rel}","templated":true}]}}