{"id":99,"date":"2017-05-11T17:03:49","date_gmt":"2017-05-11T15:03:49","guid":{"rendered":"http:\/\/www.faust-design.de\/produkte\/?page_id=99"},"modified":"2017-08-22T08:54:44","modified_gmt":"2017-08-22T06:54:44","slug":"werbeschilder-magnetschilder-bauschilder","status":"publish","type":"page","link":"https:\/\/www.faust-design.de\/produkte\/werbeschilder-magnetschilder-bauschilder\/","title":{"rendered":"Werbeschilder, Magnetschilder &#038; Bauschilder"},"content":{"rendered":"<p><strong>Werbeschilder<\/strong> bieten eine sehr sch\u00f6ne M\u00f6glichkeit, ein Unternehmen vorzustellen oder auch als Werbema\u00dfnahme am Haus angebracht einen Weghinweis f\u00fcr potentielle Kunden zu bieten. Werbeschilder haben eine lange Tradition und sind sehr beliebt. Alte Werbeschilder aus Metall haben inzwischen auch einen hohen Sammlerwert, was die Bedeutung der WErbeschilder als Werbetr\u00e4ger auch in der Vergangenheit belegt. Nach wie vor sind es Schilder, die an Unternehmen genutzt werden, um auf den eigenen Standort hinzuweisen, um Kunden \u00fcber \u00d6ffnungszeiten und Angebote zu informieren oder auch, um Websites, E-Mail-Adresse oder Telefonnummern bekannt zu machen.<\/p>\n<p><strong>Magnetschilder<\/strong> sind eine moderne M\u00f6glichkeit, um ohne langfristige Befestigung erforderlich zu machen. Die Magnetschilder lassen sich leicht befestigen und k\u00f6nnen auch schnell wieder abgenommen werden. Dabei sind den Einsatzm\u00f6glichkeiten der Magnetschilder keine Grenzen gesetzt. Auch f\u00fcr Fahrzeuge ist so eine schnelle und leicht wieder abnehmbare Werbung m\u00f6glich. Die Magnetschilder, die an Fahrzeugen genutzt werden, k\u00f6nnen einfach angebracht werden, halten sehr fest und bleiben auch bei h\u00f6heren Fahrgeschwindigkeiten am Fahrzeug befestigt. Dazu k\u00f6nnen die Magnetschilder immer wieder abgenommen werden, ohne dass Spuren am Fahrzeug erkennbar sind oder dass der Lack unter der Anbringung der Schilder leidet. Das macht Magnetschilder sehr flexibel im Einsatz und zudem zu einer wirksamen, aber dennoch preisg\u00fcnstigen Werbema\u00dfnahme. Auch Fahrschulen setzen verst\u00e4rkt auf Magnetschilder, um ihre Fahrzeuge w\u00e4hrend des Unterrichts als solche kenntlich zu machen, nach dem Unterricht aber wieder neutral fahren zu lassen.<\/p>\n<p><strong>Bauschilder<\/strong> sind nicht nur werbewirksame Ma\u00dfnahme &#8211; dar\u00fcb er hinaus ist es oftmals auch verpflcihtend, eine Bauma\u00dfnahme mit entsprechenden Schildern auszustatten. Das kann hei\u00dfen, dass die Art der Bauma\u00dfnahme \u00f6ffentlich gemacht werden muss, dass Warnhinweise ver\u00f6ffentlicht werden m\u00fcssen oder dass der Bauherr und das Unternehmen an der Baustelle sichtbar erkenntlich genannt werden m\u00fcssen. Bauschhilder k\u00f6nnen dar\u00fcber hinaus auch einen werbenden Charakter haben und f\u00fcr ein Unternehmen somit auch einen pers\u00f6nlichen Nutzen gew\u00e4hrleisten. Wir fertigen Bauschilder aller Art und genau an die Bed\u00fcrfnisse des Kunden angepasst. Dabei stehen die Bauschilder in vielen Farben und Mateiralien zur Verf\u00fcgung.<\/p>\n","protected":false},"excerpt":{"rendered":"<p>Werbeschilder bieten eine sehr sch\u00f6ne M\u00f6glichkeit, ein Unternehmen vorzustellen oder auch als Werbema\u00dfnahme am Haus angebracht einen Weghinweis f\u00fcr potentielle Kunden zu bieten. Werbeschilder haben eine lange Tradition und sind sehr beliebt. Alte Werbeschilder aus Metall haben inzwischen auch einen hohen Sammlerwert, was die Bedeutung der WErbeschilder als Werbetr\u00e4ger auch in der Vergangenheit belegt. Nach [&hellip;]<\/p>\n","protected":false},"author":1,"featured_media":0,"parent":0,"menu_order":0,"comment_status":"closed","ping_status":"closed","template":"templates\/no-sidebar.php","meta":[],"_links":{"self":[{"href":"https:\/\/www.faust-design.de\/produkte\/wp-json\/wp\/v2\/pages\/99"}],"collection":[{"href":"https:\/\/www.faust-design.de\/produkte\/wp-json\/wp\/v2\/pages"}],"about":[{"href":"https:\/\/www.faust-design.de\/produkte\/wp-json\/wp\/v2\/types\/page"}],"author":[{"embeddable":true,"href":"https:\/\/www.faust-design.de\/produkte\/wp-json\/wp\/v2\/users\/1"}],"replies":[{"embeddable":true,"href":"https:\/\/www.faust-design.de\/produkte\/wp-json\/wp\/v2\/comments?post=99"}],"version-history":[{"count":5,"href":"https:\/\/www.faust-design.de\/produkte\/wp-json\/wp\/v2\/pages\/99\/revisions"}],"predecessor-version":[{"id":430,"href":"https:\/\/www.faust-design.de\/produkte\/wp-json\/wp\/v2\/pages\/99\/revisions\/430"}],"wp:attachment":[{"href":"https:\/\/www.faust-design.de\/produkte\/wp-json\/wp\/v2\/media?parent=99"}],"curies":[{"name":"wp","href":"https:\/\/api.w.org\/{rel}","templated":true}]}}